{"id":290,"date":"2022-05-12T12:48:26","date_gmt":"2022-05-12T10:48:26","guid":{"rendered":"https:\/\/brunsbach-ecom.de\/?page_id=290"},"modified":"2022-05-12T13:23:51","modified_gmt":"2022-05-12T11:23:51","slug":"impressum","status":"publish","type":"page","link":"https:\/\/brunsbach-ecom.de\/?page_id=290","title":{"rendered":"Impressum"},"content":{"rendered":"\t\t<div data-elementor-type=\"wp-page\" data-elementor-id=\"290\" class=\"elementor elementor-290\">\n\t\t\t\t\t\t<section class=\"elementor-section elementor-top-section elementor-element elementor-element-af5c79c elementor-section-boxed elementor-section-height-default elementor-section-height-default parallax_section_no qode_elementor_container_no\" data-id=\"af5c79c\" data-element_type=\"section\" data-e-type=\"section\">\n\t\t\t\t\t\t<div class=\"elementor-container elementor-column-gap-default\">\n\t\t\t\t\t<div class=\"elementor-column elementor-col-100 elementor-top-column elementor-element elementor-element-2a2536d\" data-id=\"2a2536d\" data-element_type=\"column\" data-e-type=\"column\">\n\t\t\t<div class=\"elementor-widget-wrap elementor-element-populated\">\n\t\t\t\t\t\t<div class=\"elementor-element elementor-element-13c0c52 elementor-widget elementor-widget-text-editor\" data-id=\"13c0c52\" data-element_type=\"widget\" data-e-type=\"widget\" data-widget_type=\"text-editor.default\">\n\t\t\t\t<div class=\"elementor-widget-container\">\n\t\t\t\t\t\t\t\t\t<h4>Impressum<\/h4><div>\u00a0<\/div><p>\u00a0<\/p><p><span style=\"color: #595857;\">Brunsbach E-Commerce UG (haftungsbeschr\u00e4nkt)<\/span><br style=\"--primary-color: #EF7D00; --secondary-color: #0C6EC6; --tertiary-color: #595857; --green-color: #009500; --red-color: #CC3333; --light-grey: #EDEDED; margin: 0px; padding: 0px; color: #595857;\" \/><span style=\"color: #595857;\">Draiser Str. 159<\/span><br style=\"--primary-color: #EF7D00; --secondary-color: #0C6EC6; --tertiary-color: #595857; --green-color: #009500; --red-color: #CC3333; --light-grey: #EDEDED; margin: 0px; padding: 0px; color: #595857;\" \/><span style=\"color: #595857;\">55128 Mainz<\/span><br style=\"--primary-color: #EF7D00; --secondary-color: #0C6EC6; --tertiary-color: #595857; --green-color: #009500; --red-color: #CC3333; --light-grey: #EDEDED; margin: 0px; padding: 0px; color: #595857;\" \/><span style=\"color: #595857;\">Deutschland<\/span><br style=\"--primary-color: #EF7D00; --secondary-color: #0C6EC6; --tertiary-color: #595857; --green-color: #009500; --red-color: #CC3333; --light-grey: #EDEDED; margin: 0px; padding: 0px; color: #595857;\" \/><br style=\"--primary-color: #EF7D00; --secondary-color: #0C6EC6; --tertiary-color: #595857; --green-color: #009500; --red-color: #CC3333; --light-grey: #EDEDED; margin: 0px; padding: 0px; color: #595857;\" \/><span style=\"color: #595857;\">Tel.: + 162 30 57 883<\/span><br style=\"--primary-color: #EF7D00; --secondary-color: #0C6EC6; --tertiary-color: #595857; --green-color: #009500; --red-color: #CC3333; --light-grey: #EDEDED; margin: 0px; padding: 0px; color: #595857;\" \/><span style=\"color: #595857;\">E-Mail: info@brunsbach-ecom.de<\/span><br style=\"--primary-color: #EF7D00; --secondary-color: #0C6EC6; --tertiary-color: #595857; --green-color: #009500; --red-color: #CC3333; --light-grey: #EDEDED; margin: 0px; padding: 0px; color: #595857;\" \/><br style=\"--primary-color: #EF7D00; --secondary-color: #0C6EC6; --tertiary-color: #595857; --green-color: #009500; --red-color: #CC3333; --light-grey: #EDEDED; margin: 0px; padding: 0px; color: #595857;\" \/><span style=\"color: #595857;\">Registergericht: Amtsgericht Mainz<\/span><br style=\"--primary-color: #EF7D00; --secondary-color: #0C6EC6; --tertiary-color: #595857; --green-color: #009500; --red-color: #CC3333; --light-grey: #EDEDED; margin: 0px; padding: 0px; color: #595857;\" \/><span style=\"color: #595857;\">Registernummer: HRB 48877<\/span><br style=\"--primary-color: #EF7D00; --secondary-color: #0C6EC6; --tertiary-color: #595857; --green-color: #009500; --red-color: #CC3333; --light-grey: #EDEDED; margin: 0px; padding: 0px; color: #595857;\" \/><br style=\"--primary-color: #EF7D00; --secondary-color: #0C6EC6; --tertiary-color: #595857; --green-color: #009500; --red-color: #CC3333; --light-grey: #EDEDED; margin: 0px; padding: 0px; color: #595857;\" \/><span style=\"color: #595857;\">Gesch\u00e4ftsf\u00fchrer: Benjamin Brunsbach<\/span><br style=\"--primary-color: #EF7D00; --secondary-color: #0C6EC6; --tertiary-color: #595857; --green-color: #009500; --red-color: #CC3333; --light-grey: #EDEDED; margin: 0px; padding: 0px; color: #595857;\" \/><br style=\"--primary-color: #EF7D00; --secondary-color: #0C6EC6; --tertiary-color: #595857; --green-color: #009500; --red-color: #CC3333; --light-grey: #EDEDED; margin: 0px; padding: 0px; color: #595857;\" \/><span style=\"color: #595857;\">Umsatzsteuer-Identifikationsnummer gem\u00e4\u00df \u00a7 27 a Umsatzsteuergesetz: DE324711408<\/span><br style=\"--primary-color: #EF7D00; --secondary-color: #0C6EC6; --tertiary-color: #595857; --green-color: #009500; --red-color: #CC3333; --light-grey: #EDEDED; margin: 0px; padding: 0px; color: #595857;\" \/><br style=\"--primary-color: #EF7D00; --secondary-color: #0C6EC6; --tertiary-color: #595857; --green-color: #009500; --red-color: #CC3333; --light-grey: #EDEDED; margin: 0px; padding: 0px; color: #595857;\" \/><span style=\"color: #595857;\">Plattform der EU-Kommission zur Online-Streitbeilegung:\u00a0<\/span><a style=\"--primary-color: #EF7D00; --secondary-color: #0C6EC6; --tertiary-color: #595857; --green-color: #009500; --red-color: #CC3333; --light-grey: #EDEDED; background-position: initial; background-color: #ffffff; font-size: 14px; vertical-align: top; color: var(--secondary-color);\" href=\"https:\/\/ec.europa.eu\/odr\" target=\"_blank\" rel=\"noopener\">https:\/\/ec.europa.eu\/odr<\/a><br style=\"--primary-color: #EF7D00; --secondary-color: #0C6EC6; --tertiary-color: #595857; --green-color: #009500; --red-color: #CC3333; --light-grey: #EDEDED; margin: 0px; padding: 0px; color: #595857;\" \/><br style=\"--primary-color: #EF7D00; --secondary-color: #0C6EC6; --tertiary-color: #595857; --green-color: #009500; --red-color: #CC3333; --light-grey: #EDEDED; margin: 0px; padding: 0px; color: #595857;\" \/><span style=\"color: #595857;\">Wir sind zur Teilnahme an einem Streitbeilegungsverfahren vor einer Verbraucherschlichtungsstelle nicht verpflichtet, hierzu jedoch bereit.<\/span><\/p>\t\t\t\t\t\t\t\t<\/div>\n\t\t\t\t<\/div>\n\t\t\t\t\t<\/div>\n\t\t<\/div>\n\t\t\t\t\t<\/div>\n\t\t<\/section>\n\t\t\t\t<\/div>\n\t\t","protected":false},"excerpt":{"rendered":"<p>Impressum \u00a0 \u00a0 Brunsbach E-Commerce UG (haftungsbeschr\u00e4nkt)Draiser Str. 15955128 MainzDeutschlandTel.: + 162 30 57 883E-Mail: info@brunsbach-ecom.deRegistergericht: Amtsgericht MainzRegisternummer: HRB 48877Gesch\u00e4ftsf\u00fchrer: Benjamin BrunsbachUmsatzsteuer-Identifikationsnummer gem\u00e4\u00df \u00a7 27 a Umsatzsteuergesetz: DE324711408Plattform der EU-Kommission zur Online-Streitbeilegung:\u00a0https:\/\/ec.europa.eu\/odrWir sind zur Teilnahme an einem Streitbeilegungsverfahren vor einer Verbraucherschlichtungsstelle nicht verpflichtet, hierzu jedoch&#8230;<\/p>\n","protected":false},"author":1,"featured_media":0,"parent":0,"menu_order":0,"comment_status":"closed","ping_status":"closed","template":"","meta":{"footnotes":""},"class_list":["post-290","page","type-page","status-publish","hentry"],"_links":{"self":[{"href":"https:\/\/brunsbach-ecom.de\/index.php?rest_route=\/wp\/v2\/pages\/290","targetHints":{"allow":["GET"]}}],"collection":[{"href":"https:\/\/brunsbach-ecom.de\/index.php?rest_route=\/wp\/v2\/pages"}],"about":[{"href":"https:\/\/brunsbach-ecom.de\/index.php?rest_route=\/wp\/v2\/types\/page"}],"author":[{"embeddable":true,"href":"https:\/\/brunsbach-ecom.de\/index.php?rest_route=\/wp\/v2\/users\/1"}],"replies":[{"embeddable":true,"href":"https:\/\/brunsbach-ecom.de\/index.php?rest_route=%2Fwp%2Fv2%2Fcomments&post=290"}],"version-history":[{"count":6,"href":"https:\/\/brunsbach-ecom.de\/index.php?rest_route=\/wp\/v2\/pages\/290\/revisions"}],"predecessor-version":[{"id":311,"href":"https:\/\/brunsbach-ecom.de\/index.php?rest_route=\/wp\/v2\/pages\/290\/revisions\/311"}],"wp:attachment":[{"href":"https:\/\/brunsbach-ecom.de\/index.php?rest_route=%2Fwp%2Fv2%2Fmedia&parent=290"}],"curies":[{"name":"wp","href":"https:\/\/api.w.org\/{rel}","templated":true}]}}