{"id":7,"date":"2019-12-23T14:18:39","date_gmt":"2019-12-23T14:18:39","guid":{"rendered":"https:\/\/bridge305.qodeinteractive.com\/?page_id=7"},"modified":"2022-12-06T17:30:38","modified_gmt":"2022-12-06T16:30:38","slug":"home","status":"publish","type":"page","link":"https:\/\/brunsbach-ecom.de\/","title":{"rendered":"Home"},"content":{"rendered":"\t\t<div data-elementor-type=\"wp-page\" data-elementor-id=\"7\" class=\"elementor elementor-7\">\n\t\t\t\t\t\t<section class=\"elementor-section elementor-top-section elementor-element elementor-element-73daaf4 elementor-section-full_width elementor-section-height-default elementor-section-height-default parallax_section_no qode_elementor_container_no\" data-id=\"73daaf4\" data-element_type=\"section\" data-e-type=\"section\">\n\t\t\t\t\t\t<div class=\"elementor-container elementor-column-gap-no\">\n\t\t\t\t\t<div class=\"elementor-column elementor-col-100 elementor-top-column elementor-element elementor-element-88d65d4\" data-id=\"88d65d4\" data-element_type=\"column\" data-e-type=\"column\">\n\t\t\t<div class=\"elementor-widget-wrap elementor-element-populated\">\n\t\t\t\t\t\t<div class=\"elementor-element elementor-element-68fe734 elementor-widget elementor-widget-bridge_numbered_carousel\" data-id=\"68fe734\" data-element_type=\"widget\" data-e-type=\"widget\" data-widget_type=\"bridge_numbered_carousel.default\">\n\t\t\t\t<div class=\"elementor-widget-container\">\n\t\t\t\t\t<div class=\"qode-numbered-carousel qode-change-on-scroll \">\n                    <div class=\"qode-nc-bg-items\">\n                                                <div class=\"qode-nc-bg-item qode-nc-image\"\n                        data-index=1 \n                        style=\"background-image:url('https:\/\/brunsbach-ecom.de\/wp-content\/uploads\/2019\/12\/home-img-1-3.jpg');\">\n                    <\/div>\n                                                                                <div class=\"qode-nc-bg-item qode-nc-image\"\n                        data-index=2 \n                        style=\"background-image:url('https:\/\/brunsbach-ecom.de\/wp-content\/uploads\/2019\/12\/home-img-2-3.jpg');\">\n                    <\/div>\n                                                                                <div class=\"qode-nc-bg-item qode-nc-image\"\n                        data-index=3 \n                        style=\"background-image:url('https:\/\/brunsbach-ecom.de\/wp-content\/uploads\/2019\/12\/home-img-3-3.jpg');\">\n                    <\/div>\n                                                                                <div class=\"qode-nc-bg-item qode-nc-image\"\n                        data-index=4 \n                        style=\"background-image:url('https:\/\/brunsbach-ecom.de\/wp-content\/uploads\/2019\/12\/home-img-4-3.jpg');\">\n                    <\/div>\n                                                    <\/div>\n        <div class=\"qode-nc-grid\">\n                            <span class=\"qode-nc-grid-line\"><\/span>\n                            <span class=\"qode-nc-grid-line\"><\/span>\n                            <span class=\"qode-nc-grid-line\"><\/span>\n                            <span class=\"qode-nc-grid-line\"><\/span>\n                            <span class=\"qode-nc-grid-line\"><\/span>\n                    <\/div>\n        <div class=\"qode-nc-content\">\n            <div class=\"swiper-container\">\n                <div class=\"swiper-wrapper\">\n                                                                <div class=\"qode-nc-item swiper-slide\" data-index=1>\n                            <div class=\"qode-nc-item-inner\">\n                                                                                                    <div class=\"qode-nc-item-subtitle-wrapper\">\n                                                                            <\/div>\n                                                                                                        <div class=\"qode-nc-item-title-wrapper\">\n                                                                                    <h1 class=\"qode-nc-item-title\">\n                                                Alles. Ausser gew\u00f6hnlich.                                            <\/h1>\n                                                                            <\/div>\n                                                                                                        <div class=\"qode-nc-item-text-wrapper\">\n                                                                                    <p class=\"qode-nc-item-text\">\n                                                Ein junges &amp; ambitioniertesae StartUp mit Charakter. Mit Projekten aus unterschiedlichen Bereichen m\u00f6chten wir uns selbst verwirklichen und der Gesellschaft unseren Beitrag leisten.                                            <\/p>\n                                                                            <\/div>\n                                                                                                                                <\/div>  \n                            <div class=\"qode-nc-item-number-wrapper\">\n                                <span class=\"qode-nc-item-number\">\n                                1                                <\/span>\n                            <\/div>\n                        <\/div>\n                                                                    <div class=\"qode-nc-item swiper-slide\" data-index=2>\n                            <div class=\"qode-nc-item-inner\">\n                                                                                                    <div class=\"qode-nc-item-subtitle-wrapper\">\n                                                                            <\/div>\n                                                                                                        <div class=\"qode-nc-item-title-wrapper\">\n                                                                                    <h1 class=\"qode-nc-item-title\">\n                                                Revolution E-Commerce                                            <\/h1>\n                                                                            <\/div>\n                                                                                                        <div class=\"qode-nc-item-text-wrapper\">\n                                                                                    <p class=\"qode-nc-item-text\">\n                                                Seit 2019 schwimmen wir auf der Welle des Onlinehandels und behaupten uns mit nunmehr 4 Marken am Markt. Mit dem Ziel das Produktportfolio stetig auszubauen, m\u00f6chten wir uns zu einem soliden und stetig wachsenden Unternehmen entwickeln.                                            <\/p>\n                                                                            <\/div>\n                                                                                                                                <\/div>  \n                            <div class=\"qode-nc-item-number-wrapper\">\n                                <span class=\"qode-nc-item-number\">\n                                2                                <\/span>\n                            <\/div>\n                        <\/div>\n                                                                    <div class=\"qode-nc-item swiper-slide\" data-index=3>\n                            <div class=\"qode-nc-item-inner\">\n                                                                                                    <div class=\"qode-nc-item-subtitle-wrapper\">\n                                                                            <\/div>\n                                                                                                        <div class=\"qode-nc-item-title-wrapper\">\n                                                                                    <h1 class=\"qode-nc-item-title\">\n                                                CrewLuv - Eine App, die verbindet.                                            <\/h1>\n                                                                            <\/div>\n                                                                                                        <div class=\"qode-nc-item-text-wrapper\">\n                                                                                    <p class=\"qode-nc-item-text\">\n                                                Unsere neueste Errungenschaft. Eine Applikation, die das spontane Kennenlernen und gemeinsame Erleben ver\u00e4ndern soll.                                              <\/p>\n                                                                            <\/div>\n                                                                                                                                <\/div>  \n                            <div class=\"qode-nc-item-number-wrapper\">\n                                <span class=\"qode-nc-item-number\">\n                                3                                <\/span>\n                            <\/div>\n                        <\/div>\n                                                                    <div class=\"qode-nc-item swiper-slide\" data-index=4>\n                            <div class=\"qode-nc-item-inner\">\n                                                                                                    <div class=\"qode-nc-item-subtitle-wrapper\">\n                                                                            <\/div>\n                                                                                                        <div class=\"qode-nc-item-title-wrapper\">\n                                                                                    <h1 class=\"qode-nc-item-title\">\n                                                Dein Arbeitgeber der Zukunft.                                            <\/h1>\n                                                                            <\/div>\n                                                                                                        <div class=\"qode-nc-item-text-wrapper\">\n                                                                                    <p class=\"qode-nc-item-text\">\n                                                Du bist langweilige Jobs leid, die dich nicht fordern und m\u00f6chtest wirklich etwas bewegen? Dann bewirb dich jetzt und informieren dich \u00fcber ausgeschriebene Stellen. Flexible Arbeitszeiten, regelm\u00e4\u00dfige MeetUps und Feedbackgespr\u00e4che, flache Hierarchien uvm.                                            <\/p>\n                                                                            <\/div>\n                                                                                                                                        <div class=\"qode-nc-item-btn-wrapper\">\n                                        \t<a href=\"https:\/\/join.com\/companies\/brunsbach-ecom\" target=\"_self\" style=\"color: #fff;border-color: #fff\" class=\"qode-btn qode-btn-medium qode-btn-outline qode-btn-custom-hover-bg qode-btn-custom-border-hover qode-btn-custom-hover-color qode-nc-item-btn qode-btn-default-hover\" data-hover-bg-color=\"#fff\" data-hover-color=\"#000\" data-hover-border-color=\"#fff\" >\t    <span class=\"qode-btn-text\">Mehr erfahren<\/span>\t<\/a>                                    <\/div>\n                                                            <\/div>  \n                            <div class=\"qode-nc-item-number-wrapper\">\n                                <span class=\"qode-nc-item-number\">\n                                4                                <\/span>\n                            <\/div>\n                        <\/div>\n                                                            <\/div>\n            <\/div>\n        <\/div>\n    <\/div>\t\t\t\t<\/div>\n\t\t\t\t<\/div>\n\t\t\t\t\t<\/div>\n\t\t<\/div>\n\t\t\t\t\t<\/div>\n\t\t<\/section>\n\t\t\t\t<\/div>\n\t\t","protected":false},"excerpt":{"rendered":"<p>Alles. Ausser gew\u00f6hnlich. Ein junges &amp; ambitioniertesae StartUp mit Charakter. Mit Projekten aus unterschiedlichen Bereichen m\u00f6chten wir uns selbst verwirklichen und der Gesellschaft unseren Beitrag leisten. 1 Revolution E-Commerce Seit 2019 schwimmen wir auf der Welle des Onlinehandels und behaupten uns mit nunmehr 4 Marken&#8230;<\/p>\n","protected":false},"author":1,"featured_media":0,"parent":0,"menu_order":0,"comment_status":"closed","ping_status":"closed","template":"full_width.php","meta":{"footnotes":""},"class_list":["post-7","page","type-page","status-publish","hentry"],"_links":{"self":[{"href":"https:\/\/brunsbach-ecom.de\/index.php?rest_route=\/wp\/v2\/pages\/7","targetHints":{"allow":["GET"]}}],"collection":[{"href":"https:\/\/brunsbach-ecom.de\/index.php?rest_route=\/wp\/v2\/pages"}],"about":[{"href":"https:\/\/brunsbach-ecom.de\/index.php?rest_route=\/wp\/v2\/types\/page"}],"author":[{"embeddable":true,"href":"https:\/\/brunsbach-ecom.de\/index.php?rest_route=\/wp\/v2\/users\/1"}],"replies":[{"embeddable":true,"href":"https:\/\/brunsbach-ecom.de\/index.php?rest_route=%2Fwp%2Fv2%2Fcomments&post=7"}],"version-history":[{"count":29,"href":"https:\/\/brunsbach-ecom.de\/index.php?rest_route=\/wp\/v2\/pages\/7\/revisions"}],"predecessor-version":[{"id":333,"href":"https:\/\/brunsbach-ecom.de\/index.php?rest_route=\/wp\/v2\/pages\/7\/revisions\/333"}],"wp:attachment":[{"href":"https:\/\/brunsbach-ecom.de\/index.php?rest_route=%2Fwp%2Fv2%2Fmedia&parent=7"}],"curies":[{"name":"wp","href":"https:\/\/api.w.org\/{rel}","templated":true}]}}